{"id":1671,"date":"2024-04-10T14:52:13","date_gmt":"2024-04-10T12:52:13","guid":{"rendered":"https:\/\/pmexperts.com\/?post_type=product&#038;p=1671"},"modified":"2026-04-16T13:13:29","modified_gmt":"2026-04-16T11:13:29","slug":"zarzadzanie-projektami-w-organizacjach","status":"publish","type":"product","link":"https:\/\/pmexperts.com\/en\/product\/zarzadzanie-projektami-w-organizacjach\/","title":{"rendered":"Managing Projects in Organizations"},"content":{"rendered":"<h2 aria-level=\"3\" class=\"translation-block\">Workshop objectives: Managing Projects in Organizations<\/h2>\n<ul>\n<li>Introduction to project management best practices in line with PMI\u00ae standards<\/li>\n<li>Overview of key roles and responsibilities in project management<\/li>\n<li>Guidance through the full project management lifecycle, from concept and execution to delivery and handover of results<\/li>\n<li>Application of learned tools and techniques through a realistic case study<\/li>\n<\/ul>\n<h2 class=\"translation-block\">This workshop is recommended for<\/h2>\n<ul>\n<li>Entry-level project managers<\/li>\n<li>Practicing project managers looking to structure and formalize their knowledge<\/li>\n<li>Managers and leaders overseeing projects<\/li>\n<li>Project team members<\/li>\n<li>Candidates preparing for PMP\u00ae \/ CAPM\u00ae certification<\/li>\n<\/ul>\n<p><img fetchpriority=\"high\" decoding=\"async\" class=\"alignnone wp-image-1910 size-full\" src=\"https:\/\/pmexperts.com\/wp-content\/uploads\/2024\/04\/zarzadzanie-projektami.webp\" alt=\"Zesp\u00f3\u0142 pracuj\u0105cy przy projekcie - Kursy i Szkolenia PM Experts\" width=\"1600\" height=\"759\" srcset=\"https:\/\/pmexperts.com\/wp-content\/uploads\/2024\/04\/zarzadzanie-projektami.webp 1600w, https:\/\/pmexperts.com\/wp-content\/uploads\/2024\/04\/zarzadzanie-projektami-420x199.webp 420w, https:\/\/pmexperts.com\/wp-content\/uploads\/2024\/04\/zarzadzanie-projektami-1360x645.webp 1360w, https:\/\/pmexperts.com\/wp-content\/uploads\/2024\/04\/zarzadzanie-projektami-768x364.webp 768w, https:\/\/pmexperts.com\/wp-content\/uploads\/2024\/04\/zarzadzanie-projektami-1536x729.webp 1536w, https:\/\/pmexperts.com\/wp-content\/uploads\/2024\/04\/zarzadzanie-projektami-600x285.webp 600w\" sizes=\"(max-width: 1600px) 100vw, 1600px\" \/><\/p>\n<h2 class=\"translation-block\">Workshop agenda<\/h2>\n<p><strong>Day 1<\/strong><br \/>\n<b><\/b><\/p>\n<p>Introduction to project management<\/p>\n<ul>\n<li>Key project management concepts<\/li>\n<li>The role of projects in modern organizations<\/li>\n<li class=\"translation-block\">Project management mindset (PM mindset)<\/li>\n<li>Project business case<\/li>\n<li>Delivering tangible and intangible value<\/li>\n<li>The relationship between projects, programs, portfolios, and organizational strategy<\/li>\n<li>Project environment<\/li>\n<li>Fundamentals of AI application in project management<\/li>\n<\/ul>\n<p>Project management area \u2013 Initiation<\/p>\n<ul>\n<li class=\"translation-block\">Project deliverables<\/li>\n<li>Project life cycles and delivery approaches<\/li>\n<li>Project management focus areas<\/li>\n<li>Project stakeholders<\/li>\n<li>Stakeholder mapping<\/li>\n<li>Stakeholder register<\/li>\n<li>Roles and responsibilities in project management depending on the approach<\/li>\n<li>Key competencies of the project management team<\/li>\n<li>Project charter<\/li>\n<li>Assumption log<\/li>\n<li>Project objectives<\/li>\n<li>Project milestones<\/li>\n<li>AI support in the project initiation phase<\/li>\n<li><strong>Case study \u2013 project initiation<\/strong><\/li>\n<\/ul>\n<p><strong>Day 2<\/strong><\/p>\n<p>Project management area \u2013 Planning<\/p>\n<ul>\n<li class=\"translation-block\">Kick-off meeting<\/li>\n<li>Project management plan<\/li>\n<li>Team charter<\/li>\n<li>Project baselines<\/li>\n<li class=\"translation-block\">Value breakdown structure<\/li>\n<li>Defining activities and dependencies<\/li>\n<li>Estimating resources, activity durations, and costs<\/li>\n<li>Project schedule<\/li>\n<li>Delivery strategy planning \u2013 internal vs. external sources<\/li>\n<li>Risk identification and analysis<\/li>\n<li>Risk register<\/li>\n<li>Risk response planning<\/li>\n<li>AI support in the project planning phase<\/li>\n<li><b>Case study \u2013 project planning<\/b><\/li>\n<\/ul>\n<p>Project management area \u2013 Execution<\/p>\n<ul>\n<li>Managing project execution<\/li>\n<li>Managing quality assurance<\/li>\n<li>Knowledge management in the project<\/li>\n<li>Building and sustaining team motivation<\/li>\n<li>Managing conflict in the project<\/li>\n<\/ul>\n<p>Project management area \u2013 Monitoring and Control<\/p>\n<ul>\n<li>Monitoring project performance<\/li>\n<li>Evaluating and implementing changes in the project<\/li>\n<li>AI support in project monitoring and control<\/li>\n<\/ul>\n<p>Project management area \u2013 Closing<\/p>\n<ul>\n<li>Final product handover<\/li>\n<li>Final product handover<\/li>\n<\/ul>\n<p><span style=\"font-size: 1.7em; font-weight: bold;\">Languages and training locations\u00a0<\/span><\/p>\n<p><span data-contrast=\"auto\">The course is delivered online in either Polish or English. We also offer the option to organize dedicated (closed) workshops, delivered either on-site or online. Regardless of the format, we ensure a high level of interactivity and participant engagement, with a strong emphasis on the practical application of the skills acquired.<\/span><span data-ccp-props=\"{}\">\u00a0<\/span><\/p>\n<p class=\"translation-block\">The Managing Projects in Organizations workshop is the first module of the PMP\u00ae Academy - our proprietary program designed to comprehensively prepare participants for the role of an effective project manager. Join the Academy to learn how to apply globally recognized best practices in project management. Learn more about the Academy here.<\/p>\n<h2 class=\"translation-block\">Delivery guarantee<\/h2>\n<p>Workshops and training sessions are confirmed 14 days prior to the scheduled delivery date. If the minimum number of participants is not met, the training may be rescheduled or canceled. Participants who have paid prior to a schedule change may choose an alternative date, select a different training topic, or request a full refund.<\/p>\n<p>&nbsp;<\/p>\n<p>&nbsp;<\/p>\n<div style=\"display:flex; gap:10px;justify-content:center\" class=\"wps-pgfw-pdf-generate-icon__wrapper-frontend\">\n\t\t<a  href=\"https:\/\/pmexperts.com\/en\/wp-json\/wp\/v2\/product\/1671?action=genpdf&amp;id=1671\" class=\"pgfw-single-pdf-download-button\" target=\"_blank\"><img src=\"https:\/\/pmexperts.com\/wp-content\/plugins\/pdf-generator-for-wp\/admin\/src\/images\/PDF_Tray.svg\" title=\"Generate PDF\" style=\"width:auto; height:45px;\"><\/a>\n\t\t<\/div>","protected":false},"excerpt":{"rendered":"<p>This workshop is designed to build core competencies and delivers value both to individuals who are taking their first steps in professional project management and to experienced project managers who have so far relied on an intuitive approach and are looking to structure their work based on internationally recognized best practices.<\/p>\n<p>During the workshop, we guide participants through all key areas of project management (project management focus areas). We cover the most critical elements across the seven project performance domains. We also introduce essential roles and core concepts associated with effective project management. The program is delivered with a strong emphasis on practical understanding and real-world application of the techniques and tools presented. We facilitate engaging exercises and case studies that enable participants to reinforce and internalize new approaches. A key focus of the workshop is to prepare participants to successfully apply the acquired skills within their own organizational context.<\/p>\n<p><img decoding=\"async\" class=\"wp-image-8243 alignright\" src=\"https:\/\/pmexperts.com\/wp-content\/uploads\/2024\/04\/atp_atp_white_rgb__1_-removebg-preview-420x420.png\" alt=\"\" width=\"119\" height=\"119\" srcset=\"https:\/\/pmexperts.com\/wp-content\/uploads\/2024\/04\/atp_atp_white_rgb__1_-removebg-preview-420x420.png 420w, https:\/\/pmexperts.com\/wp-content\/uploads\/2024\/04\/atp_atp_white_rgb__1_-removebg-preview-360x360.png 360w, https:\/\/pmexperts.com\/wp-content\/uploads\/2024\/04\/atp_atp_white_rgb__1_-removebg-preview-12x12.png 12w, https:\/\/pmexperts.com\/wp-content\/uploads\/2024\/04\/atp_atp_white_rgb__1_-removebg-preview-300x300.png 300w, https:\/\/pmexperts.com\/wp-content\/uploads\/2024\/04\/atp_atp_white_rgb__1_-removebg-preview-100x100.png 100w, https:\/\/pmexperts.com\/wp-content\/uploads\/2024\/04\/atp_atp_white_rgb__1_-removebg-preview.png 500w\" sizes=\"(max-width: 119px) 100vw, 119px\" \/><\/p>\n<p>&nbsp;<\/p>","protected":false},"featured_media":4254,"template":"","meta":{"site-sidebar-layout":"default","site-content-layout":"","ast-site-content-layout":"default","site-content-style":"default","site-sidebar-style":"default","ast-global-header-display":"","ast-banner-title-visibility":"","ast-main-header-display":"","ast-hfb-above-header-display":"","ast-hfb-below-header-display":"","ast-hfb-mobile-header-display":"","site-post-title":"","ast-breadcrumbs-content":"","ast-featured-img":"","footer-sml-layout":"","ast-disable-related-posts":"","theme-transparent-header-meta":"default","adv-header-id-meta":"","stick-header-meta":"","header-above-stick-meta":"","header-main-stick-meta":"","header-below-stick-meta":"","astra-migrate-meta-layouts":"set","ast-page-background-enabled":"default","ast-page-background-meta":{"desktop":{"background-color":"var(--ast-global-color-4)","background-image":"","background-repeat":"repeat","background-position":"center center","background-size":"auto","background-attachment":"scroll","background-type":"","background-media":"","overlay-type":"","overlay-color":"","overlay-opacity":"","overlay-gradient":""},"tablet":{"background-color":"","background-image":"","background-repeat":"repeat","background-position":"center center","background-size":"auto","background-attachment":"scroll","background-type":"","background-media":"","overlay-type":"","overlay-color":"","overlay-opacity":"","overlay-gradient":""},"mobile":{"background-color":"","background-image":"","background-repeat":"repeat","background-position":"center center","background-size":"auto","background-attachment":"scroll","background-type":"","background-media":"","overlay-type":"","overlay-color":"","overlay-opacity":"","overlay-gradient":""}},"ast-content-background-meta":{"desktop":{"background-color":"var(--ast-global-color-5)","background-image":"","background-repeat":"repeat","background-position":"center center","background-size":"auto","background-attachment":"scroll","background-type":"","background-media":"","overlay-type":"","overlay-color":"","overlay-opacity":"","overlay-gradient":""},"tablet":{"background-color":"var(--ast-global-color-5)","background-image":"","background-repeat":"repeat","background-position":"center center","background-size":"auto","background-attachment":"scroll","background-type":"","background-media":"","overlay-type":"","overlay-color":"","overlay-opacity":"","overlay-gradient":""},"mobile":{"background-color":"var(--ast-global-color-5)","background-image":"","background-repeat":"repeat","background-position":"center center","background-size":"auto","background-attachment":"scroll","background-type":"","background-media":"","overlay-type":"","overlay-color":"","overlay-opacity":"","overlay-gradient":""}}},"product_brand":[],"product_cat":[18],"product_tag":[],"class_list":{"0":"post-1671","1":"product","2":"type-product","3":"status-publish","4":"has-post-thumbnail","6":"product_cat-standard-pmi","7":"desktop-align-left","8":"tablet-align-left","9":"mobile-align-left","11":"first","12":"instock","13":"taxable","14":"shipping-taxable","15":"purchasable","16":"product-type-variable","17":"has-default-attributes"},"acf":[],"_links":{"self":[{"href":"https:\/\/pmexperts.com\/en\/wp-json\/wp\/v2\/product\/1671","targetHints":{"allow":["GET"]}}],"collection":[{"href":"https:\/\/pmexperts.com\/en\/wp-json\/wp\/v2\/product"}],"about":[{"href":"https:\/\/pmexperts.com\/en\/wp-json\/wp\/v2\/types\/product"}],"wp:featuredmedia":[{"embeddable":true,"href":"https:\/\/pmexperts.com\/en\/wp-json\/wp\/v2\/media\/4254"}],"wp:attachment":[{"href":"https:\/\/pmexperts.com\/en\/wp-json\/wp\/v2\/media?parent=1671"}],"wp:term":[{"taxonomy":"product_brand","embeddable":true,"href":"https:\/\/pmexperts.com\/en\/wp-json\/wp\/v2\/product_brand?post=1671"},{"taxonomy":"product_cat","embeddable":true,"href":"https:\/\/pmexperts.com\/en\/wp-json\/wp\/v2\/product_cat?post=1671"},{"taxonomy":"product_tag","embeddable":true,"href":"https:\/\/pmexperts.com\/en\/wp-json\/wp\/v2\/product_tag?post=1671"}],"curies":[{"name":"wp","href":"https:\/\/api.w.org\/{rel}","templated":true}]}}