{"id":6804,"date":"2025-04-23T10:30:11","date_gmt":"2025-04-23T08:30:11","guid":{"rendered":"https:\/\/pmexperts.com\/?post_type=product&#038;p=6804"},"modified":"2026-04-03T10:40:31","modified_gmt":"2026-04-03T08:40:31","slug":"zarzadzanie-projektami-z-ai","status":"publish","type":"product","link":"https:\/\/pmexperts.com\/en\/product\/zarzadzanie-projektami-z-ai\/","title":{"rendered":"Project Management with AI"},"content":{"rendered":"<h2 aria-level=\"3\"><b><span data-contrast=\"auto\">Training objectives<span style=\"color: #005495;\"> Project Management with AI<\/span><\/span><\/b><\/h2>\n<p>The training course \u201cProject Management with AI\u201d introduces participants to the\nfundamentals of using artificial intelligence in projects. Participants will become familiar with\nkey AI concepts and tools, and will learn how to:<br \/>\nsztucznej inteligencji w projektach. Uczestnicy poznaj\u0105 kluczowe poj\u0119cia i narz\u0119dzia AI<br \/>\noraz naucz\u0105 si\u0119:<\/p>\n<ul>\n<li>identify areas for applying AI across the project lifecycle,<\/li>\n<li>enhance project processes with the help of AI,<\/li>\n<li>use AI in daily work \u2013 from task automation to data analysis,<\/li>\n<li>collaborate with AI as a digital assistant,<\/li>\n<li>manage a team in an AI-driven environment.<\/li>\n<\/ul>\n<h2><span style=\"color: #005495;\">Who do we recommend<\/span> Project Management with AI<\/h2>\n<ul>\n<li>Project managers looking to enhance their\nskills in the context of AI,<\/li>\n<li>Business leaders overseeing projects and\nmaking decisions on AI technology\ninvestments,<\/li>\n<li>Beginner project managers and team\nmembers aiming to build careers based on modern tools,<br \/>\nkarier\u0119 w oparciu o nowoczesne narz\u0119dzia,<\/li>\n<li>Product managers who want to use AI more\neffectively in the development of digital\nproducts,<br \/>\ncyfrowych,<\/li>\n<li>Business consultants advising on process\noptimization with the use of AI.<br \/>\nz wykorzystaniem AI.<\/li>\n<\/ul>\n<h2 class=\"translation-block\">Training Program<\/h2>\n<ol>\n<li>Presentation of the agenda and expected\nlearning outcomes<\/li>\n<li>Key AI concepts and technologies relevant to\nproject managers<\/li>\n<li>Preparation of a project concept using AI<\/li>\n<li>Development of a project charter with AI\nsupport<\/li>\n<li>Definition of project scope<\/li>\n<li>Creation of the project schedule<\/li>\n<li>Assignment of resources<\/li>\n<li>Budget planning<\/li>\n<li>Communication planning<\/li>\n<li>Risk management planning<\/li>\n<li>Team management with AI support<\/li>\n<li>Cooperation with AI as a virtual assistant<\/li>\n<li>Automation of routine administrative tasks<\/li>\n<li>Ethical aspects and challenges related to the\nuse of AI<\/li>\n<li>Monitoring project status using AI<\/li>\n<li>Reporting with the help of AI<\/li>\n<li>AI in project data analysis and risk prediction<\/li>\n<li>Change management using AI<\/li>\n<li>Handover of project deliverables to the\norganization<\/li>\n<li>Summary and archiving of knowledge\ngathered during the project<\/li>\n<li>Preparation of the project management\nsummary<\/li>\n<li>Summary of teamwork<\/li>\n<li>Ethical aspects of AI application \u2013 best\npractices<\/li>\n<li>Etyczne aspekty zastosowania AI \u2013 dobre praktyki<\/li>\n<li>Q&amp;A session<\/li>\n<li>Individual knowledge implementation plans<\/li>\n<li>Knowledge assessment exam for participants<\/li>\n<li>Training evaluation and conclusion<\/li>\n<\/ol>\n<h2 class=\"translation-block\">Languages and <span style=\"color: #005495\">locations<\/span><\/h2>\n<p class=\"translation-block\">Training sessions are conducted in Polish\nor English, both online and in-class. Regardless\nof the chosen form, we guarantee high quality\nof teaching and a strong focus on practical aspects of project management. We also offer closed training, adjusting location and program\nto company's needs.<\/p>\n<h2 class=\"translation-block\">Delivery guarantee<\/h2>\n<p class=\"translation-block\">Training is confirmed 14 days in advance. If the minimum number of participants is not met, the training may be postponed or canceled. Participants who paid earlier can choose a new date, a different topic, or a refund.<\/p>\n<div style=\"display:flex; gap:10px;justify-content:center\" class=\"wps-pgfw-pdf-generate-icon__wrapper-frontend\">\n\t\t<a  href=\"https:\/\/pmexperts.com\/en\/wp-json\/wp\/v2\/product\/6804?action=genpdf&amp;id=6804\" class=\"pgfw-single-pdf-download-button\" target=\"_blank\"><img src=\"https:\/\/pmexperts.com\/wp-content\/plugins\/pdf-generator-for-wp\/admin\/src\/images\/PDF_Tray.svg\" title=\"Generate PDF\" style=\"width:auto; height:45px;\"><\/a>\n\t\t<\/div>","protected":false},"excerpt":{"rendered":"<p aria-level=\"2\">The training \"Project Management with AI\" provides a step-by-step guide on how to\nleverage the potential of artificial intelligence in the daily work of a project manager\n\u2014 from initiation and planning, through execution and monitoring, all the way to project\nclosure.<\/p>\n<p aria-level=\"2\">Participants learn how to create project documentation using AI, optimize schedules and\nbudgets, automate routine processes, analyze project data, and collaborate effectively with\ndigital assistants. Special attention is also given to ethical considerations and the\nresponsible integration of AI into team-based work.<\/p>\n<p aria-level=\"2\">This training is designed for individuals who not only want to stay up to date, but also\nactively shape the future of project management.<\/p>\n<p><img decoding=\"async\" class=\"wp-image-8243 alignright\" src=\"https:\/\/pmexperts.com\/wp-content\/uploads\/2024\/04\/atp_atp_white_rgb__1_-removebg-preview-420x420.png\" alt=\"\" width=\"127\" height=\"127\" srcset=\"https:\/\/pmexperts.com\/wp-content\/uploads\/2024\/04\/atp_atp_white_rgb__1_-removebg-preview-420x420.png 420w, https:\/\/pmexperts.com\/wp-content\/uploads\/2024\/04\/atp_atp_white_rgb__1_-removebg-preview-360x360.png 360w, https:\/\/pmexperts.com\/wp-content\/uploads\/2024\/04\/atp_atp_white_rgb__1_-removebg-preview-12x12.png 12w, https:\/\/pmexperts.com\/wp-content\/uploads\/2024\/04\/atp_atp_white_rgb__1_-removebg-preview-300x300.png 300w, https:\/\/pmexperts.com\/wp-content\/uploads\/2024\/04\/atp_atp_white_rgb__1_-removebg-preview-100x100.png 100w, https:\/\/pmexperts.com\/wp-content\/uploads\/2024\/04\/atp_atp_white_rgb__1_-removebg-preview.png 500w\" sizes=\"(max-width: 127px) 100vw, 127px\" \/><\/p>\n<p>&nbsp;<\/p>","protected":false},"featured_media":0,"template":"","meta":{"site-sidebar-layout":"default","site-content-layout":"","ast-site-content-layout":"default","site-content-style":"default","site-sidebar-style":"default","ast-global-header-display":"","ast-banner-title-visibility":"","ast-main-header-display":"","ast-hfb-above-header-display":"","ast-hfb-below-header-display":"","ast-hfb-mobile-header-display":"","site-post-title":"","ast-breadcrumbs-content":"","ast-featured-img":"","footer-sml-layout":"","ast-disable-related-posts":"","theme-transparent-header-meta":"default","adv-header-id-meta":"","stick-header-meta":"","header-above-stick-meta":"","header-main-stick-meta":"","header-below-stick-meta":"","astra-migrate-meta-layouts":"set","ast-page-background-enabled":"default","ast-page-background-meta":{"desktop":{"background-color":"var(--ast-global-color-4)","background-image":"","background-repeat":"repeat","background-position":"center center","background-size":"auto","background-attachment":"scroll","background-type":"","background-media":"","overlay-type":"","overlay-color":"","overlay-opacity":"","overlay-gradient":""},"tablet":{"background-color":"","background-image":"","background-repeat":"repeat","background-position":"center center","background-size":"auto","background-attachment":"scroll","background-type":"","background-media":"","overlay-type":"","overlay-color":"","overlay-opacity":"","overlay-gradient":""},"mobile":{"background-color":"","background-image":"","background-repeat":"repeat","background-position":"center center","background-size":"auto","background-attachment":"scroll","background-type":"","background-media":"","overlay-type":"","overlay-color":"","overlay-opacity":"","overlay-gradient":""}},"ast-content-background-meta":{"desktop":{"background-color":"var(--ast-global-color-5)","background-image":"","background-repeat":"repeat","background-position":"center center","background-size":"auto","background-attachment":"scroll","background-type":"","background-media":"","overlay-type":"","overlay-color":"","overlay-opacity":"","overlay-gradient":""},"tablet":{"background-color":"var(--ast-global-color-5)","background-image":"","background-repeat":"repeat","background-position":"center center","background-size":"auto","background-attachment":"scroll","background-type":"","background-media":"","overlay-type":"","overlay-color":"","overlay-opacity":"","overlay-gradient":""},"mobile":{"background-color":"var(--ast-global-color-5)","background-image":"","background-repeat":"repeat","background-position":"center center","background-size":"auto","background-attachment":"scroll","background-type":"","background-media":"","overlay-type":"","overlay-color":"","overlay-opacity":"","overlay-gradient":""}}},"product_brand":[],"product_cat":[18],"product_tag":[],"class_list":{"0":"post-6804","1":"product","2":"type-product","3":"status-publish","5":"product_cat-standard-pmi","6":"desktop-align-left","7":"tablet-align-left","8":"mobile-align-left","10":"first","11":"instock","12":"taxable","13":"shipping-taxable","14":"purchasable","15":"product-type-variable","16":"has-default-attributes"},"acf":[],"_links":{"self":[{"href":"https:\/\/pmexperts.com\/en\/wp-json\/wp\/v2\/product\/6804","targetHints":{"allow":["GET"]}}],"collection":[{"href":"https:\/\/pmexperts.com\/en\/wp-json\/wp\/v2\/product"}],"about":[{"href":"https:\/\/pmexperts.com\/en\/wp-json\/wp\/v2\/types\/product"}],"wp:attachment":[{"href":"https:\/\/pmexperts.com\/en\/wp-json\/wp\/v2\/media?parent=6804"}],"wp:term":[{"taxonomy":"product_brand","embeddable":true,"href":"https:\/\/pmexperts.com\/en\/wp-json\/wp\/v2\/product_brand?post=6804"},{"taxonomy":"product_cat","embeddable":true,"href":"https:\/\/pmexperts.com\/en\/wp-json\/wp\/v2\/product_cat?post=6804"},{"taxonomy":"product_tag","embeddable":true,"href":"https:\/\/pmexperts.com\/en\/wp-json\/wp\/v2\/product_tag?post=6804"}],"curies":[{"name":"wp","href":"https:\/\/api.w.org\/{rel}","templated":true}]}}