{"id":6882,"date":"2025-05-07T14:13:16","date_gmt":"2025-05-07T12:13:16","guid":{"rendered":"https:\/\/pmexperts.com\/?post_type=product&#038;p=6882"},"modified":"2026-04-16T11:06:27","modified_gmt":"2026-04-16T09:06:27","slug":"zaawansowane-zarzadzanie-projektami-w-asanie","status":"publish","type":"product","link":"https:\/\/pmexperts.com\/en\/product\/advanced-project-management-in-asana\/","title":{"rendered":"Advanced Project Management in Asana"},"content":{"rendered":"<h2 class=\"boc_heading no_text_transform letter_spacing_negative, al_left\">Training objectives <span style=\"color: #005495;\">Advanced Project Management in Asana<\/span><\/h2>\n<div class=\"wpb_text_column wpb_content_element\">\n<div class=\"wpb_wrapper\">\n<ul>\n<li><span class=\"OYPEnA font-feature-liga-off font-feature-clig-off font-feature-calt-off text-decoration-none text-strikethrough-none\">Increase work efficiency with advanced Asana features<\/span><\/li>\n<li><span class=\"OYPEnA font-feature-liga-off font-feature-clig-off font-feature-calt-off text-decoration-none text-strikethrough-none\">Understand how to optimize processes with Asana automation<\/span><\/li>\n<li><span class=\"OYPEnA font-feature-liga-off font-feature-clig-off font-feature-calt-off text-decoration-none text-strikethrough-none\">Acquire good change management practices<\/span><\/li>\n<li><span class=\"OYPEnA font-feature-liga-off font-feature-clig-off font-feature-calt-off text-decoration-none text-strikethrough-none\">Learn how to effectively manage teams and access to projects<\/span><\/li>\n<li><span class=\"OYPEnA font-feature-liga-off font-feature-clig-off font-feature-calt-off text-decoration-none text-strikethrough-none\">Understand the Asana admin console<\/span><\/li>\n<li><span class=\"OYPEnA font-feature-liga-off font-feature-clig-off font-feature-calt-off text-decoration-none text-strikethrough-none\">Learn how to integrate Asana with other organizational systems<\/span><\/li>\n<li><span class=\"OYPEnA font-feature-liga-off font-feature-clig-off font-feature-calt-off text-decoration-none text-strikethrough-none\">Master good practices and work hygiene in Asana<\/span><\/li>\n<li><span class=\"OYPEnA font-feature-liga-off font-feature-clig-off font-feature-calt-off text-decoration-none text-strikethrough-none\">Acquire practical skills through live exercises<\/span><\/li>\n<li><span class=\"OYPEnA font-feature-liga-off font-feature-clig-off font-feature-calt-off text-decoration-none text-strikethrough-none\">Clarify all questions and doubts regarding work in the Asana\u200b<\/span><span style=\"font-size: 16px;\">\u200b<\/span><\/li>\n<\/ul>\n<h2 class=\"translation-block\">This <span style=\"color: #005495\"> training is recommended for<\/span><\/h2>\n<ul>\n<li><span class=\"OYPEnA font-feature-liga-off font-feature-clig-off font-feature-calt-off text-decoration-none text-strikethrough-none\">People interested in advanced Asana\n features<\/span><\/li>\n<li><span class=\"OYPEnA font-feature-liga-off font-feature-clig-off font-feature-calt-off text-decoration-none text-strikethrough-none\">Project managers<\/span><\/li>\n<li><span class=\"OYPEnA font-feature-liga-off font-feature-clig-off font-feature-calt-off text-decoration-none text-strikethrough-none\">Asana users managing teams<\/span><\/li>\n<li><span class=\"OYPEnA font-feature-liga-off font-feature-clig-off font-feature-calt-off text-decoration-none text-strikethrough-none\">Asana system administrators<\/span><\/li>\n<li><span class=\"OYPEnA font-feature-liga-off font-feature-clig-off font-feature-calt-off text-decoration-none text-strikethrough-none\">PMO employees<\/span><\/li>\n<li class=\"translation-block\">Asana users interested in optimizing their\n daily work<\/li>\n<\/ul>\n<h2 class=\"translation-block\">Training Program<\/h2>\n<ol style=\"font-weight: 400;\">\n<li data-charcodes=\"65533,0,46\" data-buautonum=\"8\" data-margin=\"810\" data-aria-posinset=\"1\" data-aria-level=\"1\"><span style=\"font-size: 16px;\">Why Choose Asana for Project Management?<\/span><\/li>\n<li data-charcodes=\"65533,0,46\" data-buautonum=\"8\" data-margin=\"810\" data-aria-posinset=\"1\" data-aria-level=\"1\"><span style=\"font-size: 16px;\">Change Management<\/span><\/li>\n<li data-charcodes=\"65533,0,46\" data-buautonum=\"8\" data-margin=\"810\" data-aria-posinset=\"1\" data-aria-level=\"1\"><span style=\"font-size: 16px;\">Automation Features (Rules, Forms, Packages,\n AI)<\/span><\/li>\n<li data-charcodes=\"65533,0,46\" data-buautonum=\"8\" data-margin=\"810\" data-aria-posinset=\"1\" data-aria-level=\"1\"><span style=\"font-size: 16px;\">Create Custom Project Templates and Forms<\/span><\/li>\n<li data-charcodes=\"65533,0,46\" data-buautonum=\"8\" data-margin=\"810\" data-aria-posinset=\"1\" data-aria-level=\"1\"><span style=\"font-size: 16px;\">Portfolio Management and Reporting<\/span><\/li>\n<li data-charcodes=\"65533,0,46\" data-buautonum=\"8\" data-margin=\"810\" data-aria-posinset=\"1\" data-aria-level=\"1\"><span style=\"font-size: 16px;\">Effective Goal Management<\/span><\/li>\n<li data-charcodes=\"65533,0,46\" data-buautonum=\"8\" data-margin=\"810\" data-aria-posinset=\"1\" data-aria-level=\"1\"><span style=\"font-size: 16px;\">Data Migration (Import and Export)<\/span><\/li>\n<li><span class=\"OYPEnA font-feature-liga-off font-feature-clig-off font-feature-calt-off text-decoration-none text-strikethrough-none\">Manage permissions, access, and notifications<\/span><\/li>\n<li><span class=\"OYPEnA font-feature-liga-off font-feature-clig-off font-feature-calt-off text-decoration-none text-strikethrough-none\">Create teams, assign roles, and manage team\n members<\/span><\/li>\n<li><span class=\"OYPEnA font-feature-liga-off font-feature-clig-off font-feature-calt-off text-decoration-none text-strikethrough-none\">Asana integration options<\/span><\/li>\n<li><span class=\"OYPEnA font-feature-liga-off font-feature-clig-off font-feature-calt-off text-decoration-none text-strikethrough-none\">Admin console<\/span><\/li>\n<li><span class=\"OYPEnA font-feature-liga-off font-feature-clig-off font-feature-calt-off text-decoration-none text-strikethrough-none\">Best practices and recommendations for\n efficient workflow in Asana<\/span><\/li>\n<li><span class=\"OYPEnA font-feature-liga-off font-feature-clig-off font-feature-calt-off text-decoration-none text-strikethrough-none\">Questions and answers about working in\n the system<\/span><span style=\"font-size: 16px;\">\u200b<\/span><\/li>\n<\/ol>\n<p data-ccp-props=\"{&quot;335551550&quot;:1,&quot;335551620&quot;:1,&quot;335559683&quot;:0,&quot;335559685&quot;:0,&quot;335559731&quot;:0,&quot;335559737&quot;:0,&quot;335562764&quot;:2,&quot;335562765&quot;:1,&quot;335562766&quot;:4,&quot;335562767&quot;:0,&quot;335562768&quot;:4,&quot;335562769&quot;:0}\"><span data-usefontface=\"true\" data-contrast=\"none\">*The training includes live exercises on using Asana\u200b<\/span>\u200b<\/p>\n<h2 class=\"translation-block\"><span style=\"color: #005495\">After completing the training<\/span> participants<\/h2>\n<ul>\n<li data-charcodes=\"8226\" data-font=\"Arial,Sans-Serif\" data-buautonum=\"8\" data-margin=\"810\" data-aria-posinset=\"1\" data-aria-level=\"1\"><span data-usefontface=\"true\" data-contrast=\"none\">They have advanced knowledge of the Asana system<\/span>\u200b<\/li>\n<li data-charcodes=\"8226\" data-font=\"Arial,Sans-Serif\" data-buautonum=\"8\" data-margin=\"810\" data-aria-posinset=\"2\" data-aria-level=\"1\" class=\"translation-block\"><span data-usefontface=\"true\" data-contrast=\"none\">They can automate processes and use Artificial Intelligence in their daily work in Asana<\/span><\/li>\n<li data-charcodes=\"8226\" data-font=\"Arial,Sans-Serif\" data-buautonum=\"8\" data-margin=\"810\" data-aria-posinset=\"3\" data-aria-level=\"1\"><span data-usefontface=\"true\" data-contrast=\"none\">They know how to manage project portfolios, monitor goals and generate <\/span><span data-usefontface=\"true\" data-contrast=\"none\">raporty w Asanie<\/span>\u200b<\/li>\n<li data-charcodes=\"8226\" data-font=\"Arial,Sans-Serif\" data-buautonum=\"8\" data-margin=\"810\" data-aria-posinset=\"4\" data-aria-level=\"1\" class=\"translation-block\"><span data-usefontface=\"true\" data-contrast=\"none\">They can manage permissions at the level of environments, goals, teams, <\/span><span data-usefontface=\"true\" data-contrast=\"none\">portfolios, projects, and tasks in Asana<\/span><\/li>\n<li data-charcodes=\"8226\" data-font=\"Arial,Sans-Serif\" data-buautonum=\"8\" data-margin=\"810\" data-aria-posinset=\"5\" data-aria-level=\"1\" class=\"translation-block\"><span data-usefontface=\"true\" data-contrast=\"none\">They know how to integrate Asana with other tools and use the administration console<\/li>\n<li data-charcodes=\"8226\" data-font=\"Arial,Sans-Serif\" data-buautonum=\"8\" data-margin=\"810\" data-aria-posinset=\"6\" data-aria-level=\"1\" class=\"translation-block\"><span data-usefontface=\"true\" data-contrast=\"none\">They can adapt<\/span><span data-usefontface=\"true\" data-contrast=\"none\"> Asana<\/span><span data-usefontface=\"true\" data-contrast=\"none\"> to the needs of their team and organization<\/span>\u200b<\/li>\n<li data-charcodes=\"8226\" data-font=\"Arial,Sans-Serif\" data-buautonum=\"8\" data-margin=\"810\" data-aria-posinset=\"7\" data-aria-level=\"1\" class=\"translation-block\"><span data-usefontface=\"true\" data-contrast=\"none\">Know best practices for working effectively in the Asana environment<\/span><\/li>\n<li data-charcodes=\"8226\" data-font=\"Arial,Sans-Serif\" data-buautonum=\"8\" data-margin=\"810\" data-aria-posinset=\"8\" data-aria-level=\"1\"><span data-usefontface=\"true\" data-contrast=\"none\">They feel comfortable in the Asana environment \u200b<\/span>\u200b<\/li>\n<li data-charcodes=\"8226\" data-font=\"Arial,Sans-Serif\" data-buautonum=\"8\" data-margin=\"810\" data-aria-posinset=\"9\" data-aria-level=\"1\"><span data-usefontface=\"true\" data-contrast=\"none\">They know how to implement project management standards in Asana\u200b<\/span>\u200b<\/li>\n<\/ul>\n<h2 class=\"translation-block\">Languages and <span style=\"color: #005495\">locations<\/span><\/h2>\n<div class=\"wpb_text_column wpb_content_element\">\n<div class=\"wpb_wrapper\">\n<p data-ccp-props=\"{&quot;335551550&quot;:1,&quot;335551620&quot;:1,&quot;335559683&quot;:0,&quot;335559685&quot;:0,&quot;335559731&quot;:0,&quot;335559737&quot;:0,&quot;335562764&quot;:2,&quot;335562765&quot;:1,&quot;335562766&quot;:4,&quot;335562767&quot;:0,&quot;335562768&quot;:4,&quot;335562769&quot;:0}\" class=\"translation-block\">We offer the \"Advanced Project Management in\n Asana\" training in Polish and English, online and\n in person. During the training, we provide\n participants with practical tools and\n knowledge supported by years of experience.<\/p>\n<p data-ccp-props=\"{&quot;335551550&quot;:1,&quot;335551620&quot;:1,&quot;335559683&quot;:0,&quot;335559685&quot;:0,&quot;335559731&quot;:0,&quot;335559737&quot;:0,&quot;335562764&quot;:2,&quot;335562765&quot;:1,&quot;335562766&quot;:4,&quot;335562767&quot;:0,&quot;335562768&quot;:4,&quot;335562769&quot;:0}\" class=\"translation-block\">We also organize closed trainings, at the individual request of the organization, adapting the location and scope to the client's needs. \u200b<\/p>\n<p data-ccp-props=\"{&quot;335551550&quot;:1,&quot;335551620&quot;:1,&quot;335559683&quot;:0,&quot;335559685&quot;:0,&quot;335559731&quot;:0,&quot;335559737&quot;:0,&quot;335562764&quot;:2,&quot;335562765&quot;:1,&quot;335562766&quot;:4,&quot;335562767&quot;:0,&quot;335562768&quot;:4,&quot;335562769&quot;:0}\" class=\"translation-block\">We also offer training \"Asana from the basics - Project Management\", which focuses on\n the basics of project management in the Asana environment. If you are interested in\n training for leaders who monitor work performance in Asana, we have a dedicated training\n \"Asana for leaders - Project Management\"<\/p>\n<p data-ccp-props=\"{&quot;335551550&quot;:1,&quot;335551620&quot;:1,&quot;335559683&quot;:0,&quot;335559685&quot;:0,&quot;335559731&quot;:0,&quot;335559737&quot;:0,&quot;335562764&quot;:2,&quot;335562765&quot;:1,&quot;335562766&quot;:4,&quot;335562767&quot;:0,&quot;335562768&quot;:4,&quot;335562769&quot;:0}\" class=\"translation-block\">We confirm trainings 14 days before the planned date of implementation. In a situation where the minimum number of participants does not register, the training may be postponed or canceled. People who have already paid for the training can choose a new date or receive a refund.\u200b<\/p>\n<\/div>\n<\/div>\n<\/div>\n<\/div>\n<div style=\"display:flex; gap:10px;justify-content:center\" class=\"wps-pgfw-pdf-generate-icon__wrapper-frontend\">\n\t\t<a  href=\"https:\/\/pmexperts.com\/en\/wp-json\/wp\/v2\/product\/6882?action=genpdf&amp;id=6882\" class=\"pgfw-single-pdf-download-button\" target=\"_blank\"><img src=\"https:\/\/pmexperts.com\/wp-content\/plugins\/pdf-generator-for-wp\/admin\/src\/images\/PDF_Tray.svg\" title=\"Generate PDF\" style=\"width:auto; height:45px;\"><\/a>\n\t\t<\/div>","protected":false},"excerpt":{"rendered":"<p data-ccp-props=\"{&quot;335551550&quot;:1,&quot;335551620&quot;:1,&quot;335559683&quot;:0,&quot;335559685&quot;:0,&quot;335559731&quot;:0,&quot;335559737&quot;:0,&quot;335562764&quot;:2,&quot;335562765&quot;:1,&quot;335562766&quot;:4,&quot;335562767&quot;:0,&quot;335562768&quot;:4,&quot;335562769&quot;:0}\" class=\"translation-block\">Advanced Project Management in Asana is an intensive 4-hour session tailored for users who are already\n familiar with Asana but want to deepen their understanding of its advanced features. It is also ideal for\n those managing an Asana environment and ensuring compliance with project management practices in\n their organization.<\/p>\n<p data-ccp-props=\"{&quot;335551550&quot;:1,&quot;335551620&quot;:1,&quot;335559683&quot;:0,&quot;335559685&quot;:0,&quot;335559731&quot;:0,&quot;335559737&quot;:0,&quot;335562764&quot;:2,&quot;335562765&quot;:1,&quot;335562766&quot;:4,&quot;335562767&quot;:0,&quot;335562768&quot;:4,&quot;335562769&quot;:0}\" class=\"translation-block\">Participants will develop skills in automation through rules, effective reporting, privacy and access\n management, and integrating Asana with other systems. This training is perfect for users who want to improve\n their workflows and get the most out of Asana.<\/p>\n<p data-ccp-props=\"{&quot;335551550&quot;:1,&quot;335551620&quot;:1,&quot;335559683&quot;:0,&quot;335559685&quot;:0,&quot;335559731&quot;:0,&quot;335559737&quot;:0,&quot;335562764&quot;:2,&quot;335562765&quot;:1,&quot;335562766&quot;:4,&quot;335562767&quot;:0,&quot;335562768&quot;:4,&quot;335562769&quot;:0}\"><span data-usefontface=\"true\" data-contrast=\"none\">Dzi\u0119ki uzyskanym umiej\u0119tno\u015bciom w zakresie automatyzacji, raportowania i integracji, <\/span><span data-usefontface=\"true\" data-contrast=\"none\">u\u017cytkownicy b\u0119d\u0105 lepiej <\/span><b><span data-usefontface=\"true\" data-contrast=\"none\">przygotowani do usprawniania proces\u00f3w, podejmowania decyzji <\/span><\/b><b><span data-usefontface=\"true\" data-contrast=\"none\">opartych na danych i skuteczniejszego osi\u0105gania cel\u00f3w.<\/span><\/b><\/p>\n<h3 data-ccp-props=\"{&quot;335551550&quot;:6,&quot;335551620&quot;:6,&quot;335559683&quot;:0,&quot;335559685&quot;:0,&quot;335559731&quot;:0,&quot;335559737&quot;:0,&quot;335562764&quot;:2,&quot;335562765&quot;:1,&quot;335562766&quot;:4,&quot;335562767&quot;:0,&quot;335562768&quot;:4,&quot;335562769&quot;:0}\">Jedyne szkolenia w j\u0119zyku polskim prowadzone przez <span style=\"text-decoration: underline;\">oficjalnego Partnera Asana.<\/span><\/h3>\n<p>&nbsp;<\/p>\n<h3 data-ccp-props=\"{&quot;335551550&quot;:6,&quot;335551620&quot;:6,&quot;335559683&quot;:0,&quot;335559685&quot;:0,&quot;335559731&quot;:0,&quot;335559737&quot;:0,&quot;335562764&quot;:2,&quot;335562765&quot;:1,&quot;335562766&quot;:4,&quot;335562767&quot;:0,&quot;335562768&quot;:4,&quot;335562769&quot;:0}\"><img decoding=\"async\" class=\"alignnone wp-image-8164\" src=\"https:\/\/pmexperts.com\/wp-content\/uploads\/2025\/05\/asana-badge-solutionsPartner-vertical-1-420x195.png\" alt=\"\" width=\"198\" height=\"92\" srcset=\"https:\/\/pmexperts.com\/wp-content\/uploads\/2025\/05\/asana-badge-solutionsPartner-vertical-1-420x195.png 420w, https:\/\/pmexperts.com\/wp-content\/uploads\/2025\/05\/asana-badge-solutionsPartner-vertical-1-1360x631.png 1360w, https:\/\/pmexperts.com\/wp-content\/uploads\/2025\/05\/asana-badge-solutionsPartner-vertical-1-768x356.png 768w, https:\/\/pmexperts.com\/wp-content\/uploads\/2025\/05\/asana-badge-solutionsPartner-vertical-1-1536x713.png 1536w, https:\/\/pmexperts.com\/wp-content\/uploads\/2025\/05\/asana-badge-solutionsPartner-vertical-1-2048x951.png 2048w, https:\/\/pmexperts.com\/wp-content\/uploads\/2025\/05\/asana-badge-solutionsPartner-vertical-1-18x8.png 18w, https:\/\/pmexperts.com\/wp-content\/uploads\/2025\/05\/asana-badge-solutionsPartner-vertical-1-600x278.png 600w\" sizes=\"(max-width: 198px) 100vw, 198px\" \/>\u200b\u200b\u00a0 \u00a0 \u00a0 \u00a0<img decoding=\"async\" class=\"alignnone wp-image-6152\" src=\"https:\/\/pmexperts.com\/wp-content\/uploads\/2024\/11\/logo_PMI-420x420.jpg\" alt=\"\" width=\"102\" height=\"102\" srcset=\"https:\/\/pmexperts.com\/wp-content\/uploads\/2024\/11\/logo_PMI-420x420.jpg 420w, https:\/\/pmexperts.com\/wp-content\/uploads\/2024\/11\/logo_PMI-360x360.jpg 360w, https:\/\/pmexperts.com\/wp-content\/uploads\/2024\/11\/logo_PMI-768x768.jpg 768w, https:\/\/pmexperts.com\/wp-content\/uploads\/2024\/11\/logo_PMI-12x12.jpg 12w, https:\/\/pmexperts.com\/wp-content\/uploads\/2024\/11\/logo_PMI-300x300.jpg 300w, https:\/\/pmexperts.com\/wp-content\/uploads\/2024\/11\/logo_PMI-600x600.jpg 600w, https:\/\/pmexperts.com\/wp-content\/uploads\/2024\/11\/logo_PMI-100x100.jpg 100w, https:\/\/pmexperts.com\/wp-content\/uploads\/2024\/11\/logo_PMI.jpg 882w\" sizes=\"(max-width: 102px) 100vw, 102px\" \/>\u200b<\/h3>\n<p data-ccp-props=\"{&quot;335551550&quot;:1,&quot;335551620&quot;:1,&quot;335559683&quot;:0,&quot;335559685&quot;:0,&quot;335559731&quot;:0,&quot;335559737&quot;:0,&quot;335562764&quot;:2,&quot;335562765&quot;:1,&quot;335562766&quot;:4,&quot;335562767&quot;:0,&quot;335562768&quot;:4,&quot;335562769&quot;:0}\">\u200b<\/p>","protected":false},"featured_media":6884,"template":"","meta":{"site-sidebar-layout":"default","site-content-layout":"","ast-site-content-layout":"default","site-content-style":"default","site-sidebar-style":"default","ast-global-header-display":"","ast-banner-title-visibility":"","ast-main-header-display":"","ast-hfb-above-header-display":"","ast-hfb-below-header-display":"","ast-hfb-mobile-header-display":"","site-post-title":"","ast-breadcrumbs-content":"","ast-featured-img":"","footer-sml-layout":"","ast-disable-related-posts":"","theme-transparent-header-meta":"default","adv-header-id-meta":"","stick-header-meta":"","header-above-stick-meta":"","header-main-stick-meta":"","header-below-stick-meta":"","astra-migrate-meta-layouts":"set","ast-page-background-enabled":"default","ast-page-background-meta":{"desktop":{"background-color":"var(--ast-global-color-4)","background-image":"","background-repeat":"repeat","background-position":"center center","background-size":"auto","background-attachment":"scroll","background-type":"","background-media":"","overlay-type":"","overlay-color":"","overlay-opacity":"","overlay-gradient":""},"tablet":{"background-color":"","background-image":"","background-repeat":"repeat","background-position":"center center","background-size":"auto","background-attachment":"scroll","background-type":"","background-media":"","overlay-type":"","overlay-color":"","overlay-opacity":"","overlay-gradient":""},"mobile":{"background-color":"","background-image":"","background-repeat":"repeat","background-position":"center center","background-size":"auto","background-attachment":"scroll","background-type":"","background-media":"","overlay-type":"","overlay-color":"","overlay-opacity":"","overlay-gradient":""}},"ast-content-background-meta":{"desktop":{"background-color":"var(--ast-global-color-5)","background-image":"","background-repeat":"repeat","background-position":"center center","background-size":"auto","background-attachment":"scroll","background-type":"","background-media":"","overlay-type":"","overlay-color":"","overlay-opacity":"","overlay-gradient":""},"tablet":{"background-color":"var(--ast-global-color-5)","background-image":"","background-repeat":"repeat","background-position":"center center","background-size":"auto","background-attachment":"scroll","background-type":"","background-media":"","overlay-type":"","overlay-color":"","overlay-opacity":"","overlay-gradient":""},"mobile":{"background-color":"var(--ast-global-color-5)","background-image":"","background-repeat":"repeat","background-position":"center center","background-size":"auto","background-attachment":"scroll","background-type":"","background-media":"","overlay-type":"","overlay-color":"","overlay-opacity":"","overlay-gradient":""}}},"product_brand":[],"product_cat":[444],"product_tag":[],"class_list":{"0":"post-6882","1":"product","2":"type-product","3":"status-publish","4":"has-post-thumbnail","6":"product_cat-szkolenia-asana","7":"desktop-align-left","8":"tablet-align-left","9":"mobile-align-left","11":"first","12":"instock","13":"taxable","14":"shipping-taxable","15":"purchasable","16":"product-type-variable"},"acf":[],"_links":{"self":[{"href":"https:\/\/pmexperts.com\/en\/wp-json\/wp\/v2\/product\/6882","targetHints":{"allow":["GET"]}}],"collection":[{"href":"https:\/\/pmexperts.com\/en\/wp-json\/wp\/v2\/product"}],"about":[{"href":"https:\/\/pmexperts.com\/en\/wp-json\/wp\/v2\/types\/product"}],"wp:featuredmedia":[{"embeddable":true,"href":"https:\/\/pmexperts.com\/en\/wp-json\/wp\/v2\/media\/6884"}],"wp:attachment":[{"href":"https:\/\/pmexperts.com\/en\/wp-json\/wp\/v2\/media?parent=6882"}],"wp:term":[{"taxonomy":"product_brand","embeddable":true,"href":"https:\/\/pmexperts.com\/en\/wp-json\/wp\/v2\/product_brand?post=6882"},{"taxonomy":"product_cat","embeddable":true,"href":"https:\/\/pmexperts.com\/en\/wp-json\/wp\/v2\/product_cat?post=6882"},{"taxonomy":"product_tag","embeddable":true,"href":"https:\/\/pmexperts.com\/en\/wp-json\/wp\/v2\/product_tag?post=6882"}],"curies":[{"name":"wp","href":"https:\/\/api.w.org\/{rel}","templated":true}]}}