{"id":6885,"date":"2025-05-07T14:25:27","date_gmt":"2025-05-07T12:25:27","guid":{"rendered":"https:\/\/pmexperts.com\/?post_type=product&#038;p=6885"},"modified":"2026-04-16T11:06:43","modified_gmt":"2026-04-16T09:06:43","slug":"asana-dla-liderow-zarzadzanie-projektami","status":"publish","type":"product","link":"https:\/\/pmexperts.com\/en\/product\/asana-for-leaders-project-management\/","title":{"rendered":"Asana for Leaders - Project Management"},"content":{"rendered":"<h2 class=\"boc_heading no_text_transform letter_spacing_negative, al_left\">Training objectives <span style=\"color: #005495;\"><span class=\"TextRun BCX8 SCXP185460163\" lang=\"PL-PL\" xml:lang=\"PL-PL\" data-usefontface=\"true\" data-contrast=\"none\"><span class=\"NormalTextRun BCX8 SCXP185460163\">Asana for Leaders - Project Management<\/span><\/span><span class=\"EOP BCX8 SCXP185460163\">\u200b<\/span><\/span><\/h2>\n<div class=\"wpb_text_column wpb_content_element\">\n<div class=\"wpb_wrapper\">\n<ul>\n<li data-charcodes=\"8226\" data-font=\"Arial,Sans-Serif\" data-buautonum=\"8\" data-aria-posinset=\"1\" data-aria-level=\"1\"><span data-usefontface=\"true\" data-contrast=\"none\">Mastering the skills of effective project and portfolio management in Asana <\/span><span data-usefontface=\"true\" data-contrast=\"none\">\u015brodowisku Asana<\/span>\u200b<\/li>\n<li data-charcodes=\"8226\" data-font=\"Arial,Sans-Serif\" data-buautonum=\"8\" data-aria-posinset=\"2\" data-aria-level=\"1\"><span data-usefontface=\"true\" data-contrast=\"none\">Understanding how to use goals to connect the work environment <\/span>\u200b<\/li>\n<li data-charcodes=\"8226\" data-font=\"Arial,Sans-Serif\" data-buautonum=\"8\" data-aria-posinset=\"3\" data-aria-level=\"1\"><span data-usefontface=\"true\" data-contrast=\"none\">Learning how to create reports in Asana <\/span>\u200b<\/li>\n<li data-charcodes=\"8226\" data-font=\"Arial,Sans-Serif\" data-buautonum=\"8\" data-aria-posinset=\"4\" data-aria-level=\"1\"><span data-usefontface=\"true\" data-contrast=\"none\">Master good practices and work hygiene in Asana \u200b <\/span>\u200b<\/li>\n<li data-charcodes=\"8226\" data-font=\"Arial,Sans-Serif\" data-buautonum=\"8\" data-aria-posinset=\"5\" data-aria-level=\"1\"><span data-usefontface=\"true\" data-contrast=\"none\">Acquire practical skills by participating in live exercises\u200b<\/span>\u200b<\/li>\n<li data-charcodes=\"8226\" data-font=\"Arial,Sans-Serif\" data-buautonum=\"8\" data-aria-posinset=\"6\" data-aria-level=\"1\"><span data-usefontface=\"true\" data-contrast=\"none\">Clarify all questions and doubts regarding work in the Asana\u200b<\/span><span style=\"font-size: 16px;\">\u200b<\/span><\/li>\n<\/ul>\n<h2 class=\"translation-block\">This <span style=\"color: #005495\"> training is recommended for<\/span><\/h2>\n<ul>\n<li data-charcodes=\"65533,0,46\" data-buautonum=\"8\" data-margin=\"810\" data-aria-posinset=\"1\" data-aria-level=\"1\"><span data-usefontface=\"true\" data-contrast=\"none\">Executives who want to monitor work\n in Asana<\/span>\u200b<\/li>\n<li data-charcodes=\"65533,0,46\" data-buautonum=\"8\" data-margin=\"810\" data-aria-posinset=\"2\" data-aria-level=\"1\"><span data-usefontface=\"true\" data-contrast=\"none\">Users managing Asana environments<\/span>\u200b<\/li>\n<li data-charcodes=\"65533,0,46\" data-buautonum=\"8\" data-margin=\"810\" data-aria-posinset=\"3\" data-aria-level=\"1\"><span data-usefontface=\"true\" data-contrast=\"none\">People interested in advanced\n features in Asana<\/span>\u200b<\/li>\n<li data-charcodes=\"65533,0,46\" data-buautonum=\"8\" data-margin=\"810\" data-aria-posinset=\"4\" data-aria-level=\"1\"><span data-usefontface=\"true\" data-contrast=\"none\">PMO employees<\/span>\u200b<span style=\"font-size: 16px;\">\u200b<\/span><\/li>\n<\/ul>\n<h2>Training program*<\/h2>\n<ol style=\"font-weight: 400;\">\n<li data-charcodes=\"65533,0,46\" data-buautonum=\"8\" data-margin=\"810\" data-aria-posinset=\"1\" data-aria-level=\"1\"><span data-usefontface=\"true\" data-contrast=\"none\">Why Use Asana to Manage Your Team?<\/span>\u200b<\/li>\n<li data-charcodes=\"65533,0,46\" data-buautonum=\"8\" data-margin=\"810\" data-aria-posinset=\"2\" data-aria-level=\"1\"><span data-usefontface=\"true\" data-contrast=\"none\">Understanding Asana\u2019s Structure<\/span>\u200b<\/li>\n<li data-charcodes=\"65533,0,46\" data-buautonum=\"8\" data-margin=\"810\" data-aria-posinset=\"3\" data-aria-level=\"1\"><span data-usefontface=\"true\" data-contrast=\"none\">Navigating the Asana Environment<\/span>\u200b<\/li>\n<li data-charcodes=\"65533,0,46\" data-buautonum=\"8\" data-margin=\"810\" data-aria-posinset=\"4\" data-aria-level=\"1\"><span data-usefontface=\"true\" data-contrast=\"none\">Managing Projects and Project Portfolios<\/span>\u200b<\/li>\n<li data-charcodes=\"65533,0,46\" data-buautonum=\"8\" data-margin=\"810\" data-aria-posinset=\"5\" data-aria-level=\"1\"><span data-usefontface=\"true\" data-contrast=\"none\">Setting Goals<\/span>\u200b<\/li>\n<li data-charcodes=\"65533,0,46\" data-buautonum=\"8\" data-margin=\"810\" data-aria-posinset=\"6\" data-aria-level=\"1\"><span data-usefontface=\"true\" data-contrast=\"none\">Generating Reports and Analyzing Project\n Progress<\/span>\u200b<\/li>\n<li data-charcodes=\"65533,0,46\" data-buautonum=\"8\" data-margin=\"810\" data-aria-posinset=\"7\" data-aria-level=\"1\"><span data-usefontface=\"true\" data-contrast=\"none\">Monitoring the progress of tasks and\n projects<\/span>\u200b<\/li>\n<li data-charcodes=\"65533,0,46\" data-buautonum=\"8\" data-margin=\"810\" data-aria-posinset=\"8\" data-aria-level=\"1\"><span data-usefontface=\"true\" data-contrast=\"none\">List of tasks assigned to a specific user<\/span>\u200b<\/li>\n<li data-charcodes=\"65533,0,46\" data-buautonum=\"8\" data-margin=\"810\" data-aria-posinset=\"9\" data-aria-level=\"1\"><span data-usefontface=\"true\" data-contrast=\"none\">Creating and managing a project\n schedule<\/span>\u200b<\/li>\n<li data-charcodes=\"65533,0,46\" data-buautonum=\"8\" data-margin=\"810\" data-aria-posinset=\"10\" data-aria-level=\"1\"><span data-usefontface=\"true\" data-contrast=\"none\">Profile settings<\/span>\u200b<\/li>\n<li data-charcodes=\"65533,0,46\" data-buautonum=\"8\" data-margin=\"810\" data-aria-posinset=\"11\" data-aria-level=\"1\"><span data-usefontface=\"true\" data-contrast=\"none\">Questions and answers about working in\n the system<\/span><span style=\"font-size: 16px;\">\u200b<\/span><\/li>\n<\/ol>\n<p data-ccp-props=\"{&quot;335551550&quot;:1,&quot;335551620&quot;:1,&quot;335559683&quot;:0,&quot;335559685&quot;:0,&quot;335559731&quot;:0,&quot;335559737&quot;:0,&quot;335562764&quot;:2,&quot;335562765&quot;:1,&quot;335562766&quot;:4,&quot;335562767&quot;:0,&quot;335562768&quot;:4,&quot;335562769&quot;:0}\"><span data-usefontface=\"true\" data-contrast=\"none\">*The training includes live exercises on using Asana\u200b<\/span>\u200b<\/p>\n<h2 class=\"translation-block\"><span style=\"color: #005495\">After completing the training<\/span> participants<\/h2>\n<ul>\n<li data-charcodes=\"8226\" data-font=\"Arial,Sans-Serif\" data-buautonum=\"8\" data-margin=\"810\" data-aria-posinset=\"1\" data-aria-level=\"1\"><span data-usefontface=\"true\" data-contrast=\"none\">They can strategically manage project portfolios and monitor their status in Asana<\/span>\u200b<\/li>\n<li data-charcodes=\"8226\" data-font=\"Arial,Sans-Serif\" data-buautonum=\"8\" data-margin=\"810\" data-aria-posinset=\"2\" data-aria-level=\"1\"><span data-usefontface=\"true\" data-contrast=\"none\">They know how to track and manage employee workload in Asana<\/span>\u200b<\/li>\n<li data-charcodes=\"8226\" data-font=\"Arial,Sans-Serif\" data-buautonum=\"8\" data-margin=\"810\" data-aria-posinset=\"3\" data-aria-level=\"1\"><span data-usefontface=\"true\" data-contrast=\"none\">They can generate reports and manage goals in Asana<\/span>\u200b<\/li>\n<li data-charcodes=\"8226\" data-font=\"Arial,Sans-Serif\" data-buautonum=\"8\" data-margin=\"810\" data-aria-posinset=\"4\" data-aria-level=\"1\"><span data-usefontface=\"true\" data-contrast=\"none\">They know how to effectively manage their tasks and communicate in Asana<\/span>\u200b<\/li>\n<li data-charcodes=\"8226\" data-font=\"Arial,Sans-Serif\" data-buautonum=\"8\" data-margin=\"810\" data-aria-posinset=\"5\" data-aria-level=\"1\"><span data-usefontface=\"true\" data-contrast=\"none\">They know good working practices in the Asana environment<\/span>\u200b<\/li>\n<li data-charcodes=\"8226\" data-font=\"Arial,Sans-Serif\" data-buautonum=\"8\" data-margin=\"810\" data-aria-posinset=\"6\" data-aria-level=\"1\"><span data-usefontface=\"true\" data-contrast=\"none\">They feel confident in the Asana environment<\/span>\u200b<span style=\"font-size: 16px;\">\u200b<\/span><\/li>\n<\/ul>\n<h2 class=\"translation-block\">Languages and <span style=\"color: #005495\">locations<\/span><\/h2>\n<div class=\"wpb_text_column wpb_content_element\">\n<div class=\"wpb_wrapper\">\n<p data-ccp-props=\"{&quot;335551550&quot;:1,&quot;335551620&quot;:1,&quot;335559683&quot;:0,&quot;335559685&quot;:0,&quot;335559731&quot;:0,&quot;335559737&quot;:0,&quot;335562764&quot;:2,&quot;335562765&quot;:1,&quot;335562766&quot;:4,&quot;335562767&quot;:0,&quot;335562768&quot;:4,&quot;335562769&quot;:0}\" class=\"translation-block\">We offer the \"Asana for Leaders - Project\n Management\" training in Polish and English,\n online and in person. During the training, we\n provide participants with practical tools and\n knowledge supported by years of experience.<\/p>\n<p data-ccp-props=\"{&quot;335551550&quot;:1,&quot;335551620&quot;:1,&quot;335559683&quot;:0,&quot;335559685&quot;:0,&quot;335559731&quot;:0,&quot;335559737&quot;:0,&quot;335562764&quot;:2,&quot;335562765&quot;:1,&quot;335562766&quot;:4,&quot;335562767&quot;:0,&quot;335562768&quot;:4,&quot;335562769&quot;:0}\" class=\"translation-block\">We also organize closed trainings, at the individual request of the organization, adapting the location and scope to the client's needs. \u200b<\/p>\n<p data-ccp-props=\"{&quot;335551550&quot;:1,&quot;335551620&quot;:1,&quot;335559683&quot;:0,&quot;335559685&quot;:0,&quot;335559731&quot;:0,&quot;335559737&quot;:0,&quot;335562764&quot;:2,&quot;335562765&quot;:1,&quot;335562766&quot;:4,&quot;335562767&quot;:0,&quot;335562768&quot;:4,&quot;335562769&quot;:0}\" class=\"translation-block\">We also offer training dedicated to everyday Asana employees, both at a basic level\n (\"Asana from the Basics - Project Management\" training), as well as at an advanced level\n (\"Advanced Project Management in Asana\" training), which focus on managing projects\n in Asana in accordance with international standards.<\/p>\n<p data-ccp-props=\"{&quot;335551550&quot;:1,&quot;335551620&quot;:1,&quot;335559683&quot;:0,&quot;335559685&quot;:0,&quot;335559731&quot;:0,&quot;335559737&quot;:0,&quot;335562764&quot;:2,&quot;335562765&quot;:1,&quot;335562766&quot;:4,&quot;335562767&quot;:0,&quot;335562768&quot;:4,&quot;335562769&quot;:0}\" class=\"translation-block\">Training is confirmed 14 days in advance.\n If the minimum number of participants\n is not met, the training may be postponed\n or canceled. Participants who have\n already paid can choose a new date, a\n different topic, or a refund.<\/p>\n<\/div>\n<\/div>\n<\/div>\n<\/div>\n<div style=\"display:flex; gap:10px;justify-content:center\" class=\"wps-pgfw-pdf-generate-icon__wrapper-frontend\">\n\t\t<a  href=\"https:\/\/pmexperts.com\/en\/wp-json\/wp\/v2\/product\/6885?action=genpdf&amp;id=6885\" class=\"pgfw-single-pdf-download-button\" target=\"_blank\"><img src=\"https:\/\/pmexperts.com\/wp-content\/plugins\/pdf-generator-for-wp\/admin\/src\/images\/PDF_Tray.svg\" title=\"Generate PDF\" style=\"width:auto; height:45px;\"><\/a>\n\t\t<\/div>","protected":false},"excerpt":{"rendered":"<p data-ccp-props=\"{&quot;335551550&quot;:6,&quot;335551620&quot;:6,&quot;335559683&quot;:0,&quot;335559685&quot;:0,&quot;335559731&quot;:0,&quot;335559737&quot;:0,&quot;335562764&quot;:2,&quot;335562765&quot;:1,&quot;335562766&quot;:4,&quot;335562767&quot;:0,&quot;335562768&quot;:4,&quot;335562769&quot;:0}\"><span data-usefontface=\"true\" data-contrast=\"none\">Celem tego szkolenia jest wyposa\u017cenie uczestnik\u00f3w w podstawowe umiej\u0119tno\u015bci <\/span><span data-usefontface=\"true\" data-contrast=\"none\">monitorowania, \u015bledzenia i raportowania wynik\u00f3w zespo\u0142u lub organizacji przy u\u017cyciu Asany. <\/span><span data-usefontface=\"true\" data-contrast=\"none\">Uczestnicy naucz\u0105 si\u0119, jak tworzy\u0107 i u\u017cywa\u0107 wizualnych, dynamicznych pulpit\u00f3w <\/span><span data-usefontface=\"true\" data-contrast=\"none\">nawigacyjnych, kt\u00f3re konsoliduj\u0105 kluczowe dzia\u0142ania i post\u0119py w jednym dost\u0119pnym widoku. <\/span><\/p>\n<p data-ccp-props=\"{&quot;335551550&quot;:6,&quot;335551620&quot;:6,&quot;335559683&quot;:0,&quot;335559685&quot;:0,&quot;335559731&quot;:0,&quot;335559737&quot;:0,&quot;335562764&quot;:2,&quot;335562765&quot;:1,&quot;335562766&quot;:4,&quot;335562767&quot;:0,&quot;335562768&quot;:4,&quot;335562769&quot;:0}\"><span data-usefontface=\"true\" data-contrast=\"none\">Szkolenie obejmuje nast\u0119puj\u0105ce zagadnienia: zarz\u0105dzanie portfelem, ustawienia powiadomie\u0144, <\/span><span data-usefontface=\"true\" data-contrast=\"none\">raportowanie, \u015bledzenie oraz raportowanie pracy i cel\u00f3w zespo\u0142u lub organizacji. Podczas tej 3 <\/span><span data-usefontface=\"true\" data-contrast=\"none\">godzinnej sesji uczestnicy zdob\u0119d\u0105 solidne podstawy w zakresie struktury i podstawowych <\/span><span data-usefontface=\"true\" data-contrast=\"none\">funkcji Asany, co u\u0142atwi nawigacj\u0119 po platformie i zwi\u0119kszy wydajno\u015b\u0107 zespo\u0142u. Kurs jest <\/span><span data-usefontface=\"true\" data-contrast=\"none\">przeznaczony dla os\u00f3b, kt\u00f3re chc\u0105 usprawni\u0107 nadz\u00f3r nad projektem. Pod koniec uczestnicy <\/span><span data-usefontface=\"true\" data-contrast=\"none\">b\u0119d\u0105 w stanie skutecznie analizowa\u0107 raporty pracy i monitorowa\u0107 wydajno\u015b\u0107 zespo\u0142u. Nab\u0119d\u0105 <\/span><span data-usefontface=\"true\" data-contrast=\"none\">oni umiej\u0119tno\u015bci tworzenia raport\u00f3w i \u015bledzenia realizacji cel\u00f3w, co wspiera lepsze planowanie <\/span><span data-usefontface=\"true\" data-contrast=\"none\">i zarz\u0105dzanie projektami.<\/span><\/p>\n<h3 data-ccp-props=\"{&quot;335551550&quot;:6,&quot;335551620&quot;:6,&quot;335559683&quot;:0,&quot;335559685&quot;:0,&quot;335559731&quot;:0,&quot;335559737&quot;:0,&quot;335562764&quot;:2,&quot;335562765&quot;:1,&quot;335562766&quot;:4,&quot;335562767&quot;:0,&quot;335562768&quot;:4,&quot;335562769&quot;:0}\">Jedyne szkolenia w j\u0119zyku polskim prowadzone przez <span style=\"text-decoration: underline;\">oficjalnego Partnera Asana.<\/span><\/h3>\n<p>&nbsp;<\/p>\n<h3 data-ccp-props=\"{&quot;335551550&quot;:6,&quot;335551620&quot;:6,&quot;335559683&quot;:0,&quot;335559685&quot;:0,&quot;335559731&quot;:0,&quot;335559737&quot;:0,&quot;335562764&quot;:2,&quot;335562765&quot;:1,&quot;335562766&quot;:4,&quot;335562767&quot;:0,&quot;335562768&quot;:4,&quot;335562769&quot;:0}\"><img decoding=\"async\" class=\"alignnone wp-image-8164\" src=\"https:\/\/pmexperts.com\/wp-content\/uploads\/2025\/05\/asana-badge-solutionsPartner-vertical-1-420x195.png\" alt=\"\" width=\"187\" height=\"87\" srcset=\"https:\/\/pmexperts.com\/wp-content\/uploads\/2025\/05\/asana-badge-solutionsPartner-vertical-1-420x195.png 420w, https:\/\/pmexperts.com\/wp-content\/uploads\/2025\/05\/asana-badge-solutionsPartner-vertical-1-1360x631.png 1360w, https:\/\/pmexperts.com\/wp-content\/uploads\/2025\/05\/asana-badge-solutionsPartner-vertical-1-768x356.png 768w, https:\/\/pmexperts.com\/wp-content\/uploads\/2025\/05\/asana-badge-solutionsPartner-vertical-1-1536x713.png 1536w, https:\/\/pmexperts.com\/wp-content\/uploads\/2025\/05\/asana-badge-solutionsPartner-vertical-1-2048x951.png 2048w, https:\/\/pmexperts.com\/wp-content\/uploads\/2025\/05\/asana-badge-solutionsPartner-vertical-1-18x8.png 18w, https:\/\/pmexperts.com\/wp-content\/uploads\/2025\/05\/asana-badge-solutionsPartner-vertical-1-600x278.png 600w\" sizes=\"(max-width: 187px) 100vw, 187px\" \/>\u00a0 \u00a0 \u00a0 \u200b\u200b<img decoding=\"async\" class=\"alignnone wp-image-6152\" src=\"https:\/\/pmexperts.com\/wp-content\/uploads\/2024\/11\/logo_PMI-420x420.jpg\" alt=\"\" width=\"102\" height=\"102\" srcset=\"https:\/\/pmexperts.com\/wp-content\/uploads\/2024\/11\/logo_PMI-420x420.jpg 420w, https:\/\/pmexperts.com\/wp-content\/uploads\/2024\/11\/logo_PMI-360x360.jpg 360w, https:\/\/pmexperts.com\/wp-content\/uploads\/2024\/11\/logo_PMI-768x768.jpg 768w, https:\/\/pmexperts.com\/wp-content\/uploads\/2024\/11\/logo_PMI-12x12.jpg 12w, https:\/\/pmexperts.com\/wp-content\/uploads\/2024\/11\/logo_PMI-300x300.jpg 300w, https:\/\/pmexperts.com\/wp-content\/uploads\/2024\/11\/logo_PMI-600x600.jpg 600w, https:\/\/pmexperts.com\/wp-content\/uploads\/2024\/11\/logo_PMI-100x100.jpg 100w, https:\/\/pmexperts.com\/wp-content\/uploads\/2024\/11\/logo_PMI.jpg 882w\" sizes=\"(max-width: 102px) 100vw, 102px\" \/><\/h3>\n<h3 data-ccp-props=\"{&quot;335551550&quot;:6,&quot;335551620&quot;:6,&quot;335559683&quot;:0,&quot;335559685&quot;:0,&quot;335559731&quot;:0,&quot;335559737&quot;:0,&quot;335562764&quot;:2,&quot;335562765&quot;:1,&quot;335562766&quot;:4,&quot;335562767&quot;:0,&quot;335562768&quot;:4,&quot;335562769&quot;:0}\">\u200b<\/h3>","protected":false},"featured_media":6887,"template":"","meta":{"site-sidebar-layout":"default","site-content-layout":"","ast-site-content-layout":"default","site-content-style":"default","site-sidebar-style":"default","ast-global-header-display":"","ast-banner-title-visibility":"","ast-main-header-display":"","ast-hfb-above-header-display":"","ast-hfb-below-header-display":"","ast-hfb-mobile-header-display":"","site-post-title":"","ast-breadcrumbs-content":"","ast-featured-img":"","footer-sml-layout":"","ast-disable-related-posts":"","theme-transparent-header-meta":"default","adv-header-id-meta":"","stick-header-meta":"","header-above-stick-meta":"","header-main-stick-meta":"","header-below-stick-meta":"","astra-migrate-meta-layouts":"set","ast-page-background-enabled":"default","ast-page-background-meta":{"desktop":{"background-color":"var(--ast-global-color-4)","background-image":"","background-repeat":"repeat","background-position":"center center","background-size":"auto","background-attachment":"scroll","background-type":"","background-media":"","overlay-type":"","overlay-color":"","overlay-opacity":"","overlay-gradient":""},"tablet":{"background-color":"","background-image":"","background-repeat":"repeat","background-position":"center center","background-size":"auto","background-attachment":"scroll","background-type":"","background-media":"","overlay-type":"","overlay-color":"","overlay-opacity":"","overlay-gradient":""},"mobile":{"background-color":"","background-image":"","background-repeat":"repeat","background-position":"center center","background-size":"auto","background-attachment":"scroll","background-type":"","background-media":"","overlay-type":"","overlay-color":"","overlay-opacity":"","overlay-gradient":""}},"ast-content-background-meta":{"desktop":{"background-color":"var(--ast-global-color-5)","background-image":"","background-repeat":"repeat","background-position":"center center","background-size":"auto","background-attachment":"scroll","background-type":"","background-media":"","overlay-type":"","overlay-color":"","overlay-opacity":"","overlay-gradient":""},"tablet":{"background-color":"var(--ast-global-color-5)","background-image":"","background-repeat":"repeat","background-position":"center center","background-size":"auto","background-attachment":"scroll","background-type":"","background-media":"","overlay-type":"","overlay-color":"","overlay-opacity":"","overlay-gradient":""},"mobile":{"background-color":"var(--ast-global-color-5)","background-image":"","background-repeat":"repeat","background-position":"center center","background-size":"auto","background-attachment":"scroll","background-type":"","background-media":"","overlay-type":"","overlay-color":"","overlay-opacity":"","overlay-gradient":""}}},"product_brand":[],"product_cat":[444],"product_tag":[],"class_list":{"0":"post-6885","1":"product","2":"type-product","3":"status-publish","4":"has-post-thumbnail","6":"product_cat-szkolenia-asana","7":"desktop-align-left","8":"tablet-align-left","9":"mobile-align-left","11":"first","12":"instock","13":"taxable","14":"shipping-taxable","15":"purchasable","16":"product-type-variable"},"acf":[],"_links":{"self":[{"href":"https:\/\/pmexperts.com\/en\/wp-json\/wp\/v2\/product\/6885","targetHints":{"allow":["GET"]}}],"collection":[{"href":"https:\/\/pmexperts.com\/en\/wp-json\/wp\/v2\/product"}],"about":[{"href":"https:\/\/pmexperts.com\/en\/wp-json\/wp\/v2\/types\/product"}],"wp:featuredmedia":[{"embeddable":true,"href":"https:\/\/pmexperts.com\/en\/wp-json\/wp\/v2\/media\/6887"}],"wp:attachment":[{"href":"https:\/\/pmexperts.com\/en\/wp-json\/wp\/v2\/media?parent=6885"}],"wp:term":[{"taxonomy":"product_brand","embeddable":true,"href":"https:\/\/pmexperts.com\/en\/wp-json\/wp\/v2\/product_brand?post=6885"},{"taxonomy":"product_cat","embeddable":true,"href":"https:\/\/pmexperts.com\/en\/wp-json\/wp\/v2\/product_cat?post=6885"},{"taxonomy":"product_tag","embeddable":true,"href":"https:\/\/pmexperts.com\/en\/wp-json\/wp\/v2\/product_tag?post=6885"}],"curies":[{"name":"wp","href":"https:\/\/api.w.org\/{rel}","templated":true}]}}